{"id":99,"date":"2017-11-28T11:59:04","date_gmt":"2017-11-28T11:59:04","guid":{"rendered":"http:\/\/house-emi.gr\/?page_id=99"},"modified":"2020-08-11T12:24:29","modified_gmt":"2020-08-11T12:24:29","slug":"english-contact","status":"publish","type":"page","link":"https:\/\/house-emi.gr\/de\/english-contact\/","title":{"rendered":"Kontakt"},"content":{"rendered":"<p>[vc_row equal_height=&#8220;yes&#8220; content_placement=&#8220;middle&#8220;][vc_column width=&#8220;1\/2&#8243;]<div class=\"get_in_touch\" ><h3>E.M.I. HOUSE<\/h3><div class=\"get_in_touch_wrapper\"><ul><li class=\"address\"><span class=\"icon\"><i class=\"icon-location\"><\/i><\/span><span class=\"address_wrapper\">Vourvourou Agios Nikolaos<\/span><\/li><li class=\"phone phone-1\"><span class=\"icon\"><i class=\"icon-phone\"><\/i><\/span><p><a href=\"tel:2375091163\">2375091163<\/a><\/p><\/li><li class=\"mail\"><span class=\"icon\"><i class=\"icon-mail\"><\/i><\/span><p><a href=\"mailto:emihouse8@gmail.com\">emihouse8@gmail.com<\/a><\/p><\/li><li class=\"www\"><span class=\"icon\"><i class=\"icon-link\"><\/i><\/span><p><a target=\"_blank\" href=\"https:\/\/www.house-emi.gr\">www.house-emi.gr<\/a><\/p><\/li><\/ul><\/div><\/div>\n[\/vc_column][vc_column width=&#8220;1\/2&#8243;][vc_column_text css=&#8220;.vc_custom_1511879134249{padding-top: 30px !important;padding-bottom: 30px !important;}&#8220;]<\/p>\n<h4>Vom September bis Mai: :<\/h4>\n<p><a href=\"tel:2310786520\"><strong>2310 786520<\/strong><\/a><strong>, <a href=\"tel: 2310786478\">2310 786478<\/a><\/strong><\/p>\n<p><strong>MHTE:<\/strong> 0938K13000836700<\/p>\n<p><strong>Satellitenkoordinaten f\u00fcr GPS:<\/strong><br \/>\n<em>40 18&#8217;81.91&#8220; \u0392\u00a0 \u00a0 \u00a0 \u00a0 \u00a023 78&#8217;43.95&#8220; \u0395<\/em>[\/vc_column_text][\/vc_column][\/vc_row][vc_row css=&#8220;.vc_custom_1597151949055{padding-top: 20px !important;padding-bottom: 20px !important;}&#8220;][vc_column width=&#8220;1\/2&#8243;][vc_column_text css=&#8220;.vc_custom_1511872579074{padding-top: 60px !important;padding-bottom: 60px !important;}&#8220;]<strong>Stornierung einer Buchung.<\/strong><\/p>\n<p>Die Buchung wird mit einer Anzahlung von 30% des vereinbarten Gesamtbetrages best\u00e4tigt.<\/p>\n<p>Im Falle einer Stornierung der best\u00e4tigten Buchung bis zu 40 Tage vor der Anreise wird der gesamte Betrag der Anzahlung (abz\u00fcglich evtl. Unkosten) zur\u00fcckerstattet.<\/p>\n<p>Erfolgt die Stornierung einer best\u00e4tigten Buchung in weniger als 40 Tagen vor der geplanten Anreise, wird die Anzahlung nicht zur\u00fcckerstattet.<\/p>\n<p>Bei einer fr\u00fchzeitigen Abreise ist der Gast dazu verpflichtet die gesamten Kosten des vereinbarten Zeitraums zu tragen.<\/p>\n<p>Die Apartments stehen am Ankunftstag ab 15:00 Uhr zur Verf\u00fcgung und am Abreisetag bis 12:00 Uhr.[\/vc_column_text][\/vc_column][vc_column width=&#8220;1\/2&#8243;][vc_column_text]<img loading=\"lazy\" decoding=\"async\" class=\"alignnone size-full wp-image-233\" src=\"http:\/\/house-emi.gr\/wp-content\/uploads\/2020\/08\/\u0391\u03a6\u0399\u03a3\u0391-\u0395\u0399\u0394\u0399\u039a\u039f\u03a5-\u03a3\u039a\u039f\u03a0\u039f\u03a5-\u039c\u0395-\u039f\u039d\u039f\u039c\u0391-1.jpg\" alt=\"\" width=\"639\" height=\"450\" srcset=\"https:\/\/house-emi.gr\/wp-content\/uploads\/2020\/08\/\u0391\u03a6\u0399\u03a3\u0391-\u0395\u0399\u0394\u0399\u039a\u039f\u03a5-\u03a3\u039a\u039f\u03a0\u039f\u03a5-\u039c\u0395-\u039f\u039d\u039f\u039c\u0391-1.jpg 639w, https:\/\/house-emi.gr\/wp-content\/uploads\/2020\/08\/\u0391\u03a6\u0399\u03a3\u0391-\u0395\u0399\u0394\u0399\u039a\u039f\u03a5-\u03a3\u039a\u039f\u03a0\u039f\u03a5-\u039c\u0395-\u039f\u039d\u039f\u039c\u0391-1-600x423.jpg 600w, https:\/\/house-emi.gr\/wp-content\/uploads\/2020\/08\/\u0391\u03a6\u0399\u03a3\u0391-\u0395\u0399\u0394\u0399\u039a\u039f\u03a5-\u03a3\u039a\u039f\u03a0\u039f\u03a5-\u039c\u0395-\u039f\u039d\u039f\u039c\u0391-1-207x146.jpg 207w, https:\/\/house-emi.gr\/wp-content\/uploads\/2020\/08\/\u0391\u03a6\u0399\u03a3\u0391-\u0395\u0399\u0394\u0399\u039a\u039f\u03a5-\u03a3\u039a\u039f\u03a0\u039f\u03a5-\u039c\u0395-\u039f\u039d\u039f\u039c\u0391-1-50x35.jpg 50w, https:\/\/house-emi.gr\/wp-content\/uploads\/2020\/08\/\u0391\u03a6\u0399\u03a3\u0391-\u0395\u0399\u0394\u0399\u039a\u039f\u03a5-\u03a3\u039a\u039f\u03a0\u039f\u03a5-\u039c\u0395-\u039f\u039d\u039f\u039c\u0391-1-107x75.jpg 107w\" sizes=\"auto, (max-width: 639px) 100vw, 639px\" \/>[\/vc_column_text][\/vc_column][\/vc_row][vc_row full_width=&#8220;stretch_row_content_no_spaces&#8220;][vc_column][vc_column_text]<iframe loading=\"lazy\" style=\"border: 0;\" src=\"https:\/\/www.google.com\/maps\/embed?pb=!1m14!1m8!1m3!1d3865.4834260375546!2d23.784413!3d40.188201!3m2!1i1024!2i768!4f13.1!3m3!1m2!1s0x0%3A0x8e682fd0497f181f!2zRU1JIEhhdXMgLSDOlc69zr_Ouc66zrnOsc62z4zOvM61zr3OsSDOlM-JzrzOrM-EzrnOsQ!5e1!3m2!1sro!2sgr!4v1511869987872\" width=\"100%\" height=\"600\" frameborder=\"0\" allowfullscreen=\"allowfullscreen\"><\/iframe>[\/vc_column_text][\/vc_column][\/vc_row]<\/p>","protected":false},"excerpt":{"rendered":"<p>[vc_row equal_height=&#8220;yes&#8220; content_placement=&#8220;middle&#8220;][vc_column width=&#8220;1\/2&#8243;][\/vc_column][vc_column width=&#8220;1\/2&#8243;][vc_column_text css=&#8220;.vc_custom_1511879134249{padding-top: 30px !important;padding-bottom: 30px !important;}&#8220;] Vom September bis Mai: : 2310 786520, 2310 786478 MHTE: 0938K13000836700 Satellitenkoordinaten f\u00fcr GPS: 40 18&#8217;81.91&#8220;<span class=\"excerpt-hellip\"> [\u2026]<\/span><\/p>\n","protected":false},"author":3,"featured_media":7,"parent":0,"menu_order":0,"comment_status":"closed","ping_status":"closed","template":"","meta":{"footnotes":""},"class_list":["post-99","page","type-page","status-publish","has-post-thumbnail","hentry"],"_links":{"self":[{"href":"https:\/\/house-emi.gr\/de\/wp-json\/wp\/v2\/pages\/99","targetHints":{"allow":["GET"]}}],"collection":[{"href":"https:\/\/house-emi.gr\/de\/wp-json\/wp\/v2\/pages"}],"about":[{"href":"https:\/\/house-emi.gr\/de\/wp-json\/wp\/v2\/types\/page"}],"author":[{"embeddable":true,"href":"https:\/\/house-emi.gr\/de\/wp-json\/wp\/v2\/users\/3"}],"replies":[{"embeddable":true,"href":"https:\/\/house-emi.gr\/de\/wp-json\/wp\/v2\/comments?post=99"}],"version-history":[{"count":14,"href":"https:\/\/house-emi.gr\/de\/wp-json\/wp\/v2\/pages\/99\/revisions"}],"predecessor-version":[{"id":236,"href":"https:\/\/house-emi.gr\/de\/wp-json\/wp\/v2\/pages\/99\/revisions\/236"}],"wp:featuredmedia":[{"embeddable":true,"href":"https:\/\/house-emi.gr\/de\/wp-json\/wp\/v2\/media\/7"}],"wp:attachment":[{"href":"https:\/\/house-emi.gr\/de\/wp-json\/wp\/v2\/media?parent=99"}],"curies":[{"name":"wp","href":"https:\/\/api.w.org\/{rel}","templated":true}]}}