{"id":108,"date":"2017-11-28T12:41:58","date_gmt":"2017-11-28T12:41:58","guid":{"rendered":"http:\/\/house-emi.gr\/?page_id=108"},"modified":"2017-11-28T12:46:58","modified_gmt":"2017-11-28T12:46:58","slug":"about-vourvourou","status":"publish","type":"page","link":"https:\/\/house-emi.gr\/de\/about-vourvourou\/","title":{"rendered":"\u00dcber Vourvourou"},"content":{"rendered":"<p><\/p>\n<p>[vc_row css=&#8220;.vc_custom_1511872988558{padding-bottom: 80px !important;}&#8220;][vc_column width=&#8220;2\/3&#8243;][vc_column_text]Sithonia in Chalkidiki ist eine der sch\u00f6nsten Gegenden Griechenlands, mit reicher und unber\u00fchrter Natur, sowie zahlreichen wundervollen Str\u00e4nden. In Vourvourou, im Herzen Sithonias, k\u00f6nnen Sie ihren Urlaub weit weg vom Alltag und Stress der Stadt verbringen.\u00a0 Genau gegen\u00fcber von Vourvourou, in sehr geringem Abstand, befindet sich ein Inselkomplex mit Diaporos als gr\u00f6\u00dfte der Inseln. Die vielen Buchten und Str\u00e4nde sind sehr leicht mit einem der Motorboote, die in der Siedlung vermietet werden zu besuchen.\u00a0\u00a0 Der kieferbedeckte Wald mit seinen wundersch\u00f6nen Pfaden im s\u00fcdlichen Teil der Siedlung ist ein weiterer Teil dieser beeindruckenden\u00a0 Landschaft.<\/p>\n<p>In Vourvourou sind Superm\u00e4rkte, Restaurants, Tavernen, Pizzerien, Caf\u00e9s, Bars, Souvenirl\u00e4den und t\u00e4gliche griechische und ausl\u00e4ndische Presse zu finden.<\/p>\n<p>Wenige Kilometer entfernt liegt das Dorf Agios Nikolaos, wo sich ein Gesundheitszentrum, eine Apotheke, eine Polizeistation und ein Postamt befinden ,sowie Nikiti, wo unter anderem auch mehrere Banken zu finden sind.<\/p>\n<p>Au\u00dfer der nat\u00fcrlichen Sch\u00f6nheit eignet sich Vourvourou auch f\u00fcr die Erkundung der\u00a0 restlichen Orte\u00a0 in Chalkidiki, mit ihren einzigartigen Str\u00e4nden und verschiedenen arch\u00e4ologischen St\u00e4tten,\u00a0 wie z.B.\u00a0 dem antiken Olynthos, der antiken Stadt Akanthos und der Petralona-H\u00f6hle. Von Ormos Panagias aus, wenige Kilometer von Vourvourou entfernt, starten t\u00e4glich Kreuzfahrten rund um den Berg Athos. Thessaloniki, die zweitgr\u00f6\u00dfte Stadt Griechenlands ist etwas mehr als eine Stunde entfernt und\u00a0 ist ber\u00fchmt f\u00fcr ihre\u00a0 langj\u00e4hrige Geschichte, die \u00a0zahlreichen Museen sowie ihr reiches gesellschaftliches Leben. Wer zum shoppen nach Thessaloniki fahren m\u00f6chte, ist ebenfalls bestens bedient.<\/p>\n<p>&nbsp;<\/p>\n<p>Vourvourou &#8211; Ormos Panagias 8 km<\/p>\n<p>Vourvourou \u2013 Agios Nikolaos 10 km<\/p>\n<p>Vourvourou \u2013 Nikiti 12 km<\/p>\n<p>Vourvourou \u2013 Moudania 55 km<\/p>\n<p>Vourvourou \u2013 Flughafen Makedonia 103 km<\/p>\n<p>Vourvourou \u2013 Thessaloniki 117 km[\/vc_column_text][\/vc_column][vc_column width=&#8220;1\/3&#8243;][vc_single_image image=&#8220;109&#8243; img_size=&#8220;full&#8220; alignment=&#8220;center&#8220;][\/vc_column][\/vc_row]<\/p>\n<p><\/p>","protected":false},"excerpt":{"rendered":"<p>[vc_row css=&#8220;.vc_custom_1511872988558{padding-bottom: 80px !important;}&#8220;][vc_column width=&#8220;2\/3&#8243;][vc_column_text]Sithonia in Chalkidiki ist eine der sch\u00f6nsten Gegenden Griechenlands, mit reicher und unber\u00fchrter Natur, sowie zahlreichen wundervollen Str\u00e4nden. In Vourvourou, im Herzen<span class=\"excerpt-hellip\"> [\u2026]<\/span><\/p>\n","protected":false},"author":3,"featured_media":113,"parent":0,"menu_order":0,"comment_status":"closed","ping_status":"closed","template":"","meta":{"footnotes":""},"class_list":["post-108","page","type-page","status-publish","has-post-thumbnail","hentry"],"_links":{"self":[{"href":"https:\/\/house-emi.gr\/de\/wp-json\/wp\/v2\/pages\/108","targetHints":{"allow":["GET"]}}],"collection":[{"href":"https:\/\/house-emi.gr\/de\/wp-json\/wp\/v2\/pages"}],"about":[{"href":"https:\/\/house-emi.gr\/de\/wp-json\/wp\/v2\/types\/page"}],"author":[{"embeddable":true,"href":"https:\/\/house-emi.gr\/de\/wp-json\/wp\/v2\/users\/3"}],"replies":[{"embeddable":true,"href":"https:\/\/house-emi.gr\/de\/wp-json\/wp\/v2\/comments?post=108"}],"version-history":[{"count":5,"href":"https:\/\/house-emi.gr\/de\/wp-json\/wp\/v2\/pages\/108\/revisions"}],"predecessor-version":[{"id":116,"href":"https:\/\/house-emi.gr\/de\/wp-json\/wp\/v2\/pages\/108\/revisions\/116"}],"wp:featuredmedia":[{"embeddable":true,"href":"https:\/\/house-emi.gr\/de\/wp-json\/wp\/v2\/media\/113"}],"wp:attachment":[{"href":"https:\/\/house-emi.gr\/de\/wp-json\/wp\/v2\/media?parent=108"}],"curies":[{"name":"wp","href":"https:\/\/api.w.org\/{rel}","templated":true}]}}